{"id":464,"date":"2026-03-28T15:52:10","date_gmt":"2026-03-28T15:52:10","guid":{"rendered":"https:\/\/boygirlfieldhockey.com\/?post_type=product&#038;p=464"},"modified":"2026-03-28T15:52:30","modified_gmt":"2026-03-28T15:52:30","slug":"girl-vi","status":"publish","type":"product","link":"https:\/\/boygirlfieldhockey.com\/fr\/produit\/girl-vi\/","title":{"rendered":"Fille VI"},"content":{"rendered":"<p>La crosse la plus \u00e9lite de GIRL. Mid Bow, 95% Japanese Carbon. Con\u00e7ue pour les plus hautes sph\u00e8res du jeu avec un toucher dor\u00e9 et une puissance supr\u00eame.<\/p>\n\n\t\t<style type=\"text\/css\">\n\t\t\t#gallery-1 {\n\t\t\t\tmargin: auto;\n\t\t\t}\n\t\t\t#gallery-1 .gallery-item {\n\t\t\t\tfloat: left;\n\t\t\t\tmargin-top: 10px;\n\t\t\t\ttext-align: center;\n\t\t\t\twidth: 33%;\n\t\t\t}\n\t\t\t#gallery-1 img {\n\t\t\t\tborder: 2px solid #cfcfcf;\n\t\t\t}\n\t\t\t#gallery-1 .gallery-caption {\n\t\t\t\tmargin-left: 0;\n\t\t\t}\n\t\t\t\/* see gallery_shortcode() in wp-includes\/media.php *\/\n\t\t<\/style>\n\t\t<div id='gallery-1' class='gallery galleryid-464 gallery-columns-3 gallery-size-thumbnail'><dl class='gallery-item'>\n\t\t\t<dt class='gallery-icon portrait'>\n\t\t\t\t<a href='https:\/\/boygirlfieldhockey.com\/fr\/?attachment_id=334'><img loading=\"lazy\" decoding=\"async\" width=\"150\" height=\"150\" src=\"https:\/\/boygirlfieldhockey.com\/wp-content\/uploads\/2026\/03\/BoyGirlHockey_06_Girl_C4-1-150x150.png\" class=\"attachment-thumbnail size-thumbnail\" alt=\"\" srcset=\"https:\/\/boygirlfieldhockey.com\/wp-content\/uploads\/2026\/03\/BoyGirlHockey_06_Girl_C4-1-150x150.png 150w, https:\/\/boygirlfieldhockey.com\/wp-content\/uploads\/2026\/03\/BoyGirlHockey_06_Girl_C4-1-300x300.png 300w, https:\/\/boygirlfieldhockey.com\/wp-content\/uploads\/2026\/03\/BoyGirlHockey_06_Girl_C4-1-100x100.png 100w\" sizes=\"(max-width: 150px) 100vw, 150px\" \/><\/a>\n\t\t\t<\/dt><\/dl>\n\t\t\t<br style='clear: both' \/>\n\t\t<\/div>","protected":false},"excerpt":{"rendered":"<p>La crosse la plus \u00e9lite de GIRL. Mid Bow, 95% Japanese Carbon. Con\u00e7ue pour les plus hautes sph\u00e8res du jeu avec un toucher dor\u00e9 et une puissance supr\u00eame.<\/p>","protected":false},"featured_media":302,"comment_status":"open","ping_status":"closed","template":"","meta":{"_et_pb_use_builder":"off","_et_pb_old_content":"GIRL's most elite level stick. Mid Bow, 95% Japanese Carbon. Built for the highest echelons of the game with gilded touch and supreme power.\r\n\r\n[gallery ids=\"334\"]","_et_gb_content_width":""},"product_brand":[],"product_cat":[21,34,17],"product_tag":[],"class_list":{"0":"post-464","1":"product","2":"type-product","3":"status-publish","4":"has-post-thumbnail","6":"product_cat-girls","7":"product_cat-sticks","8":"product_cat-uncategorized","10":"first","11":"instock","12":"shipping-taxable","13":"product-type-simple"},"yoast_head":"<!-- This site is optimized with the Yoast SEO plugin v27.4 - https:\/\/yoast.com\/product\/yoast-seo-wordpress\/ -->\n<title>Girl VI - BOY GIRL Field Hockey<\/title>\n<meta name=\"robots\" content=\"index, follow, max-snippet:-1, max-image-preview:large, max-video-preview:-1\" \/>\n<link rel=\"canonical\" href=\"https:\/\/boygirlfieldhockey.com\/fr\/produit\/girl-vi\/\" \/>\n<meta property=\"og:locale\" content=\"fr_CA\" \/>\n<meta property=\"og:type\" content=\"article\" \/>\n<meta property=\"og:title\" content=\"Girl VI - BOY GIRL Field Hockey\" \/>\n<meta property=\"og:description\" content=\"GIRL&#8217;s most elite level stick. Mid Bow, 95% Japanese Carbon. Built for the highest echelons of the game with gilded touch and supreme power.\" \/>\n<meta property=\"og:url\" content=\"https:\/\/boygirlfieldhockey.com\/fr\/produit\/girl-vi\/\" \/>\n<meta property=\"og:site_name\" content=\"BOY GIRL Field Hockey\" \/>\n<meta property=\"article:modified_time\" content=\"2026-03-28T15:52:30+00:00\" \/>\n<meta property=\"og:image\" content=\"https:\/\/boygirlfieldhockey.com\/wp-content\/uploads\/2026\/03\/BoyGirlHockey_06_Girl_C4-scaled.png\" \/>\n\t<meta property=\"og:image:width\" content=\"321\" \/>\n\t<meta property=\"og:image:height\" content=\"2560\" \/>\n\t<meta property=\"og:image:type\" content=\"image\/png\" \/>\n<meta name=\"twitter:card\" content=\"summary_large_image\" \/>\n<meta name=\"twitter:label1\" content=\"Estimation du temps de lecture\" \/>\n\t<meta name=\"twitter:data1\" content=\"2 minutes\" \/>\n<script type=\"application\/ld+json\" class=\"yoast-schema-graph\">{\"@context\":\"https:\\\/\\\/schema.org\",\"@graph\":[{\"@type\":\"WebPage\",\"@id\":\"https:\\\/\\\/boygirlfieldhockey.com\\\/product\\\/girl-vi\\\/\",\"url\":\"https:\\\/\\\/boygirlfieldhockey.com\\\/product\\\/girl-vi\\\/\",\"name\":\"Girl VI - BOY GIRL Field Hockey\",\"isPartOf\":{\"@id\":\"https:\\\/\\\/boygirlfieldhockey.com\\\/#website\"},\"primaryImageOfPage\":{\"@id\":\"https:\\\/\\\/boygirlfieldhockey.com\\\/product\\\/girl-vi\\\/#primaryimage\"},\"image\":{\"@id\":\"https:\\\/\\\/boygirlfieldhockey.com\\\/product\\\/girl-vi\\\/#primaryimage\"},\"thumbnailUrl\":\"https:\\\/\\\/boygirlfieldhockey.com\\\/wp-content\\\/uploads\\\/2026\\\/03\\\/BoyGirlHockey_06_Girl_C4-scaled.png\",\"datePublished\":\"2026-03-28T15:52:10+00:00\",\"dateModified\":\"2026-03-28T15:52:30+00:00\",\"breadcrumb\":{\"@id\":\"https:\\\/\\\/boygirlfieldhockey.com\\\/product\\\/girl-vi\\\/#breadcrumb\"},\"inLanguage\":\"fr-CA\",\"potentialAction\":[{\"@type\":\"ReadAction\",\"target\":[\"https:\\\/\\\/boygirlfieldhockey.com\\\/product\\\/girl-vi\\\/\"]}]},{\"@type\":\"ImageObject\",\"inLanguage\":\"fr-CA\",\"@id\":\"https:\\\/\\\/boygirlfieldhockey.com\\\/product\\\/girl-vi\\\/#primaryimage\",\"url\":\"https:\\\/\\\/boygirlfieldhockey.com\\\/wp-content\\\/uploads\\\/2026\\\/03\\\/BoyGirlHockey_06_Girl_C4-scaled.png\",\"contentUrl\":\"https:\\\/\\\/boygirlfieldhockey.com\\\/wp-content\\\/uploads\\\/2026\\\/03\\\/BoyGirlHockey_06_Girl_C4-scaled.png\",\"width\":321,\"height\":2560,\"caption\":\"Mid Bow\"},{\"@type\":\"BreadcrumbList\",\"@id\":\"https:\\\/\\\/boygirlfieldhockey.com\\\/product\\\/girl-vi\\\/#breadcrumb\",\"itemListElement\":[{\"@type\":\"ListItem\",\"position\":1,\"name\":\"Home\",\"item\":\"https:\\\/\\\/boygirlfieldhockey.com\\\/\"},{\"@type\":\"ListItem\",\"position\":2,\"name\":\"Shop\",\"item\":\"https:\\\/\\\/boygirlfieldhockey.com\\\/shop\\\/\"},{\"@type\":\"ListItem\",\"position\":3,\"name\":\"Girl VI\"}]},{\"@type\":\"WebSite\",\"@id\":\"https:\\\/\\\/boygirlfieldhockey.com\\\/#website\",\"url\":\"https:\\\/\\\/boygirlfieldhockey.com\\\/\",\"name\":\"BOY GIRL Field Hockey\",\"description\":\"\",\"potentialAction\":[{\"@type\":\"SearchAction\",\"target\":{\"@type\":\"EntryPoint\",\"urlTemplate\":\"https:\\\/\\\/boygirlfieldhockey.com\\\/?s={search_term_string}\"},\"query-input\":{\"@type\":\"PropertyValueSpecification\",\"valueRequired\":true,\"valueName\":\"search_term_string\"}}],\"inLanguage\":\"fr-CA\"}]}<\/script>\n<!-- \/ Yoast SEO plugin. -->","yoast_head_json":{"title":"Girl VI - BOY GIRL Field Hockey","robots":{"index":"index","follow":"follow","max-snippet":"max-snippet:-1","max-image-preview":"max-image-preview:large","max-video-preview":"max-video-preview:-1"},"canonical":"https:\/\/boygirlfieldhockey.com\/fr\/produit\/girl-vi\/","og_locale":"fr_CA","og_type":"article","og_title":"Girl VI - BOY GIRL Field Hockey","og_description":"GIRL&#8217;s most elite level stick. Mid Bow, 95% Japanese Carbon. Built for the highest echelons of the game with gilded touch and supreme power.","og_url":"https:\/\/boygirlfieldhockey.com\/fr\/produit\/girl-vi\/","og_site_name":"BOY GIRL Field Hockey","article_modified_time":"2026-03-28T15:52:30+00:00","og_image":[{"width":321,"height":2560,"url":"https:\/\/boygirlfieldhockey.com\/wp-content\/uploads\/2026\/03\/BoyGirlHockey_06_Girl_C4-scaled.png","type":"image\/png"}],"twitter_card":"summary_large_image","twitter_misc":{"Estimation du temps de lecture":"2 minutes"},"schema":{"@context":"https:\/\/schema.org","@graph":[{"@type":"WebPage","@id":"https:\/\/boygirlfieldhockey.com\/product\/girl-vi\/","url":"https:\/\/boygirlfieldhockey.com\/product\/girl-vi\/","name":"Girl VI - BOY GIRL Field Hockey","isPartOf":{"@id":"https:\/\/boygirlfieldhockey.com\/#website"},"primaryImageOfPage":{"@id":"https:\/\/boygirlfieldhockey.com\/product\/girl-vi\/#primaryimage"},"image":{"@id":"https:\/\/boygirlfieldhockey.com\/product\/girl-vi\/#primaryimage"},"thumbnailUrl":"https:\/\/boygirlfieldhockey.com\/wp-content\/uploads\/2026\/03\/BoyGirlHockey_06_Girl_C4-scaled.png","datePublished":"2026-03-28T15:52:10+00:00","dateModified":"2026-03-28T15:52:30+00:00","breadcrumb":{"@id":"https:\/\/boygirlfieldhockey.com\/product\/girl-vi\/#breadcrumb"},"inLanguage":"fr-CA","potentialAction":[{"@type":"ReadAction","target":["https:\/\/boygirlfieldhockey.com\/product\/girl-vi\/"]}]},{"@type":"ImageObject","inLanguage":"fr-CA","@id":"https:\/\/boygirlfieldhockey.com\/product\/girl-vi\/#primaryimage","url":"https:\/\/boygirlfieldhockey.com\/wp-content\/uploads\/2026\/03\/BoyGirlHockey_06_Girl_C4-scaled.png","contentUrl":"https:\/\/boygirlfieldhockey.com\/wp-content\/uploads\/2026\/03\/BoyGirlHockey_06_Girl_C4-scaled.png","width":321,"height":2560,"caption":"Mid Bow"},{"@type":"BreadcrumbList","@id":"https:\/\/boygirlfieldhockey.com\/product\/girl-vi\/#breadcrumb","itemListElement":[{"@type":"ListItem","position":1,"name":"Home","item":"https:\/\/boygirlfieldhockey.com\/"},{"@type":"ListItem","position":2,"name":"Shop","item":"https:\/\/boygirlfieldhockey.com\/shop\/"},{"@type":"ListItem","position":3,"name":"Girl VI"}]},{"@type":"WebSite","@id":"https:\/\/boygirlfieldhockey.com\/#website","url":"https:\/\/boygirlfieldhockey.com\/","name":"Hockey sur gazon BOY GIRL","description":"","potentialAction":[{"@type":"SearchAction","target":{"@type":"EntryPoint","urlTemplate":"https:\/\/boygirlfieldhockey.com\/?s={search_term_string}"},"query-input":{"@type":"PropertyValueSpecification","valueRequired":true,"valueName":"search_term_string"}}],"inLanguage":"fr-CA"}]}},"_links":{"self":[{"href":"https:\/\/boygirlfieldhockey.com\/fr\/wp-json\/wp\/v2\/product\/464","targetHints":{"allow":["GET"]}}],"collection":[{"href":"https:\/\/boygirlfieldhockey.com\/fr\/wp-json\/wp\/v2\/product"}],"about":[{"href":"https:\/\/boygirlfieldhockey.com\/fr\/wp-json\/wp\/v2\/types\/product"}],"replies":[{"embeddable":true,"href":"https:\/\/boygirlfieldhockey.com\/fr\/wp-json\/wp\/v2\/comments?post=464"}],"wp:featuredmedia":[{"embeddable":true,"href":"https:\/\/boygirlfieldhockey.com\/fr\/wp-json\/wp\/v2\/media\/302"}],"wp:attachment":[{"href":"https:\/\/boygirlfieldhockey.com\/fr\/wp-json\/wp\/v2\/media?parent=464"}],"wp:term":[{"taxonomy":"product_brand","embeddable":true,"href":"https:\/\/boygirlfieldhockey.com\/fr\/wp-json\/wp\/v2\/product_brand?post=464"},{"taxonomy":"product_cat","embeddable":true,"href":"https:\/\/boygirlfieldhockey.com\/fr\/wp-json\/wp\/v2\/product_cat?post=464"},{"taxonomy":"product_tag","embeddable":true,"href":"https:\/\/boygirlfieldhockey.com\/fr\/wp-json\/wp\/v2\/product_tag?post=464"}],"curies":[{"name":"wp","href":"https:\/\/api.w.org\/{rel}","templated":true}]}}